{"id":778,"date":"2024-07-02T12:34:52","date_gmt":"2024-07-02T12:34:52","guid":{"rendered":"https:\/\/www.onmayis.com.tr\/TR\/?page_id=778"},"modified":"2024-07-02T13:27:03","modified_gmt":"2024-07-02T13:27:03","slug":"fotograf-galerisi","status":"publish","type":"page","link":"https:\/\/www.onmayis.com.tr\/TR\/index.php\/fotograf-galerisi\/","title":{"rendered":"FOTO\u011eRAF GALER\u0130S\u0130"},"content":{"rendered":"\t\t<div data-elementor-type=\"wp-page\" data-elementor-id=\"778\" class=\"elementor elementor-778\" data-elementor-post-type=\"page\">\n\t\t\t\t<div class=\"elementor-element elementor-element-660bdba e-flex e-con-boxed e-con e-parent\" data-id=\"660bdba\" data-element_type=\"container\">\n\t\t\t\t\t<div class=\"e-con-inner\">\n\t\t\t\t<div class=\"elementor-element elementor-element-e189dd9 elementor-widget elementor-widget-gallery\" data-id=\"e189dd9\" data-element_type=\"widget\" data-settings=\"{&quot;lazyload&quot;:&quot;yes&quot;,&quot;gallery_layout&quot;:&quot;grid&quot;,&quot;columns&quot;:4,&quot;columns_tablet&quot;:2,&quot;columns_mobile&quot;:1,&quot;gap&quot;:{&quot;unit&quot;:&quot;px&quot;,&quot;size&quot;:10,&quot;sizes&quot;:[]},&quot;gap_tablet&quot;:{&quot;unit&quot;:&quot;px&quot;,&quot;size&quot;:10,&quot;sizes&quot;:[]},&quot;gap_mobile&quot;:{&quot;unit&quot;:&quot;px&quot;,&quot;size&quot;:10,&quot;sizes&quot;:[]},&quot;link_to&quot;:&quot;file&quot;,&quot;aspect_ratio&quot;:&quot;3:2&quot;,&quot;overlay_background&quot;:&quot;yes&quot;,&quot;content_hover_animation&quot;:&quot;fade-in&quot;}\" data-widget_type=\"gallery.default\">\n\t\t\t\t<div class=\"elementor-widget-container\">\n\t\t\t\t\t<div class=\"elementor-gallery__container\">\n\t\t\t\t\t\t\t<a class=\"e-gallery-item elementor-gallery-item elementor-animated-content\" href=\"https:\/\/www.onmayis.com.tr\/TR\/wp-content\/uploads\/2024\/07\/19big.jpg\" data-elementor-open-lightbox=\"yes\" data-elementor-lightbox-slideshow=\"e189dd9\" data-elementor-lightbox-title=\"19big\" data-e-action-hash=\"#elementor-action%3Aaction%3Dlightbox%26settings%3DeyJpZCI6ODQ3LCJ1cmwiOiJodHRwczpcL1wvd3d3Lm9ubWF5aXMuY29tLnRyXC9UUlwvd3AtY29udGVudFwvdXBsb2Fkc1wvMjAyNFwvMDdcLzE5YmlnLmpwZyIsInNsaWRlc2hvdyI6ImUxODlkZDkifQ%3D%3D\">\n\t\t\t\t\t<div class=\"e-gallery-image elementor-gallery-item__image\" data-thumbnail=\"https:\/\/www.onmayis.com.tr\/TR\/wp-content\/uploads\/2024\/07\/19big.jpg\" data-width=\"734\" data-height=\"600\" aria-label=\"\" role=\"img\" ><\/div>\n\t\t\t\t\t\t\t\t\t\t\t<div class=\"elementor-gallery-item__overlay\"><\/div>\n\t\t\t\t\t\t\t\t\t\t\t\t\t\t<\/a>\n\t\t\t\t\t\t\t<a class=\"e-gallery-item elementor-gallery-item elementor-animated-content\" href=\"https:\/\/www.onmayis.com.tr\/TR\/wp-content\/uploads\/2024\/07\/2big.jpg\" data-elementor-open-lightbox=\"yes\" data-elementor-lightbox-slideshow=\"e189dd9\" data-elementor-lightbox-title=\"2big\" data-e-action-hash=\"#elementor-action%3Aaction%3Dlightbox%26settings%3DeyJpZCI6ODUyLCJ1cmwiOiJodHRwczpcL1wvd3d3Lm9ubWF5aXMuY29tLnRyXC9UUlwvd3AtY29udGVudFwvdXBsb2Fkc1wvMjAyNFwvMDdcLzJiaWcuanBnIiwic2xpZGVzaG93IjoiZTE4OWRkOSJ9\">\n\t\t\t\t\t<div class=\"e-gallery-image elementor-gallery-item__image\" data-thumbnail=\"https:\/\/www.onmayis.com.tr\/TR\/wp-content\/uploads\/2024\/07\/2big.jpg\" data-width=\"800\" data-height=\"298\" aria-label=\"\" role=\"img\" ><\/div>\n\t\t\t\t\t\t\t\t\t\t\t<div class=\"elementor-gallery-item__overlay\"><\/div>\n\t\t\t\t\t\t\t\t\t\t\t\t\t\t<\/a>\n\t\t\t\t\t\t\t<a class=\"e-gallery-item elementor-gallery-item elementor-animated-content\" href=\"https:\/\/www.onmayis.com.tr\/TR\/wp-content\/uploads\/2024\/07\/5-3.jpg\" data-elementor-open-lightbox=\"yes\" data-elementor-lightbox-slideshow=\"e189dd9\" data-elementor-lightbox-title=\"5 (3)\" data-e-action-hash=\"#elementor-action%3Aaction%3Dlightbox%26settings%3DeyJpZCI6ODU5LCJ1cmwiOiJodHRwczpcL1wvd3d3Lm9ubWF5aXMuY29tLnRyXC9UUlwvd3AtY29udGVudFwvdXBsb2Fkc1wvMjAyNFwvMDdcLzUtMy5qcGciLCJzbGlkZXNob3ciOiJlMTg5ZGQ5In0%3D\">\n\t\t\t\t\t<div class=\"e-gallery-image elementor-gallery-item__image\" data-thumbnail=\"https:\/\/www.onmayis.com.tr\/TR\/wp-content\/uploads\/2024\/07\/5-3.jpg\" data-width=\"570\" data-height=\"527\" aria-label=\"\" role=\"img\" ><\/div>\n\t\t\t\t\t\t\t\t\t\t\t<div class=\"elementor-gallery-item__overlay\"><\/div>\n\t\t\t\t\t\t\t\t\t\t\t\t\t\t<\/a>\n\t\t\t\t\t\t\t<a class=\"e-gallery-item elementor-gallery-item elementor-animated-content\" href=\"https:\/\/www.onmayis.com.tr\/TR\/wp-content\/uploads\/2024\/07\/26big.jpg\" data-elementor-open-lightbox=\"yes\" data-elementor-lightbox-slideshow=\"e189dd9\" data-elementor-lightbox-title=\"26big\" data-e-action-hash=\"#elementor-action%3Aaction%3Dlightbox%26settings%3DeyJpZCI6ODM5LCJ1cmwiOiJodHRwczpcL1wvd3d3Lm9ubWF5aXMuY29tLnRyXC9UUlwvd3AtY29udGVudFwvdXBsb2Fkc1wvMjAyNFwvMDdcLzI2YmlnLmpwZyIsInNsaWRlc2hvdyI6ImUxODlkZDkifQ%3D%3D\">\n\t\t\t\t\t<div class=\"e-gallery-image elementor-gallery-item__image\" data-thumbnail=\"https:\/\/www.onmayis.com.tr\/TR\/wp-content\/uploads\/2024\/07\/26big.jpg\" data-width=\"800\" data-height=\"534\" aria-label=\"\" role=\"img\" ><\/div>\n\t\t\t\t\t\t\t\t\t\t\t<div class=\"elementor-gallery-item__overlay\"><\/div>\n\t\t\t\t\t\t\t\t\t\t\t\t\t\t<\/a>\n\t\t\t\t\t\t\t<a class=\"e-gallery-item elementor-gallery-item elementor-animated-content\" href=\"https:\/\/www.onmayis.com.tr\/TR\/wp-content\/uploads\/2024\/07\/25big.jpg\" data-elementor-open-lightbox=\"yes\" data-elementor-lightbox-slideshow=\"e189dd9\" data-elementor-lightbox-title=\"25big\" data-e-action-hash=\"#elementor-action%3Aaction%3Dlightbox%26settings%3DeyJpZCI6ODQwLCJ1cmwiOiJodHRwczpcL1wvd3d3Lm9ubWF5aXMuY29tLnRyXC9UUlwvd3AtY29udGVudFwvdXBsb2Fkc1wvMjAyNFwvMDdcLzI1YmlnLmpwZyIsInNsaWRlc2hvdyI6ImUxODlkZDkifQ%3D%3D\">\n\t\t\t\t\t<div class=\"e-gallery-image elementor-gallery-item__image\" data-thumbnail=\"https:\/\/www.onmayis.com.tr\/TR\/wp-content\/uploads\/2024\/07\/25big.jpg\" data-width=\"800\" data-height=\"443\" aria-label=\"\" role=\"img\" ><\/div>\n\t\t\t\t\t\t\t\t\t\t\t<div class=\"elementor-gallery-item__overlay\"><\/div>\n\t\t\t\t\t\t\t\t\t\t\t\t\t\t<\/a>\n\t\t\t\t\t\t\t<a class=\"e-gallery-item elementor-gallery-item elementor-animated-content\" href=\"https:\/\/www.onmayis.com.tr\/TR\/wp-content\/uploads\/2024\/07\/22big.jpg\" data-elementor-open-lightbox=\"yes\" data-elementor-lightbox-slideshow=\"e189dd9\" data-elementor-lightbox-title=\"22big\" data-e-action-hash=\"#elementor-action%3Aaction%3Dlightbox%26settings%3DeyJpZCI6ODQzLCJ1cmwiOiJodHRwczpcL1wvd3d3Lm9ubWF5aXMuY29tLnRyXC9UUlwvd3AtY29udGVudFwvdXBsb2Fkc1wvMjAyNFwvMDdcLzIyYmlnLmpwZyIsInNsaWRlc2hvdyI6ImUxODlkZDkifQ%3D%3D\">\n\t\t\t\t\t<div class=\"e-gallery-image elementor-gallery-item__image\" data-thumbnail=\"https:\/\/www.onmayis.com.tr\/TR\/wp-content\/uploads\/2024\/07\/22big.jpg\" data-width=\"800\" data-height=\"504\" aria-label=\"\" role=\"img\" ><\/div>\n\t\t\t\t\t\t\t\t\t\t\t<div class=\"elementor-gallery-item__overlay\"><\/div>\n\t\t\t\t\t\t\t\t\t\t\t\t\t\t<\/a>\n\t\t\t\t\t\t\t<a class=\"e-gallery-item elementor-gallery-item elementor-animated-content\" href=\"https:\/\/www.onmayis.com.tr\/TR\/wp-content\/uploads\/2024\/07\/23big.jpg\" data-elementor-open-lightbox=\"yes\" data-elementor-lightbox-slideshow=\"e189dd9\" data-elementor-lightbox-title=\"23big\" data-e-action-hash=\"#elementor-action%3Aaction%3Dlightbox%26settings%3DeyJpZCI6ODQyLCJ1cmwiOiJodHRwczpcL1wvd3d3Lm9ubWF5aXMuY29tLnRyXC9UUlwvd3AtY29udGVudFwvdXBsb2Fkc1wvMjAyNFwvMDdcLzIzYmlnLmpwZyIsInNsaWRlc2hvdyI6ImUxODlkZDkifQ%3D%3D\">\n\t\t\t\t\t<div class=\"e-gallery-image elementor-gallery-item__image\" data-thumbnail=\"https:\/\/www.onmayis.com.tr\/TR\/wp-content\/uploads\/2024\/07\/23big.jpg\" data-width=\"800\" data-height=\"455\" aria-label=\"\" role=\"img\" ><\/div>\n\t\t\t\t\t\t\t\t\t\t\t<div class=\"elementor-gallery-item__overlay\"><\/div>\n\t\t\t\t\t\t\t\t\t\t\t\t\t\t<\/a>\n\t\t\t\t\t\t\t<a class=\"e-gallery-item elementor-gallery-item elementor-animated-content\" href=\"https:\/\/www.onmayis.com.tr\/TR\/wp-content\/uploads\/2024\/07\/27big.jpg\" data-elementor-open-lightbox=\"yes\" data-elementor-lightbox-slideshow=\"e189dd9\" data-elementor-lightbox-title=\"27big\" data-e-action-hash=\"#elementor-action%3Aaction%3Dlightbox%26settings%3DeyJpZCI6ODQxLCJ1cmwiOiJodHRwczpcL1wvd3d3Lm9ubWF5aXMuY29tLnRyXC9UUlwvd3AtY29udGVudFwvdXBsb2Fkc1wvMjAyNFwvMDdcLzI3YmlnLmpwZyIsInNsaWRlc2hvdyI6ImUxODlkZDkifQ%3D%3D\">\n\t\t\t\t\t<div class=\"e-gallery-image elementor-gallery-item__image\" data-thumbnail=\"https:\/\/www.onmayis.com.tr\/TR\/wp-content\/uploads\/2024\/07\/27big.jpg\" data-width=\"800\" data-height=\"519\" aria-label=\"\" role=\"img\" ><\/div>\n\t\t\t\t\t\t\t\t\t\t\t<div class=\"elementor-gallery-item__overlay\"><\/div>\n\t\t\t\t\t\t\t\t\t\t\t\t\t\t<\/a>\n\t\t\t\t\t\t\t<a class=\"e-gallery-item elementor-gallery-item elementor-animated-content\" href=\"https:\/\/www.onmayis.com.tr\/TR\/wp-content\/uploads\/2024\/07\/24big.jpg\" data-elementor-open-lightbox=\"yes\" data-elementor-lightbox-slideshow=\"e189dd9\" data-elementor-lightbox-title=\"24big\" data-e-action-hash=\"#elementor-action%3Aaction%3Dlightbox%26settings%3DeyJpZCI6ODQ0LCJ1cmwiOiJodHRwczpcL1wvd3d3Lm9ubWF5aXMuY29tLnRyXC9UUlwvd3AtY29udGVudFwvdXBsb2Fkc1wvMjAyNFwvMDdcLzI0YmlnLmpwZyIsInNsaWRlc2hvdyI6ImUxODlkZDkifQ%3D%3D\">\n\t\t\t\t\t<div class=\"e-gallery-image elementor-gallery-item__image\" data-thumbnail=\"https:\/\/www.onmayis.com.tr\/TR\/wp-content\/uploads\/2024\/07\/24big.jpg\" data-width=\"800\" data-height=\"534\" aria-label=\"\" role=\"img\" ><\/div>\n\t\t\t\t\t\t\t\t\t\t\t<div class=\"elementor-gallery-item__overlay\"><\/div>\n\t\t\t\t\t\t\t\t\t\t\t\t\t\t<\/a>\n\t\t\t\t\t\t\t<a class=\"e-gallery-item elementor-gallery-item elementor-animated-content\" href=\"https:\/\/www.onmayis.com.tr\/TR\/wp-content\/uploads\/2024\/07\/21big.jpg\" data-elementor-open-lightbox=\"yes\" data-elementor-lightbox-slideshow=\"e189dd9\" data-elementor-lightbox-title=\"21big\" data-e-action-hash=\"#elementor-action%3Aaction%3Dlightbox%26settings%3DeyJpZCI6ODQ1LCJ1cmwiOiJodHRwczpcL1wvd3d3Lm9ubWF5aXMuY29tLnRyXC9UUlwvd3AtY29udGVudFwvdXBsb2Fkc1wvMjAyNFwvMDdcLzIxYmlnLmpwZyIsInNsaWRlc2hvdyI6ImUxODlkZDkifQ%3D%3D\">\n\t\t\t\t\t<div class=\"e-gallery-image elementor-gallery-item__image\" data-thumbnail=\"https:\/\/www.onmayis.com.tr\/TR\/wp-content\/uploads\/2024\/07\/21big.jpg\" data-width=\"800\" data-height=\"536\" aria-label=\"\" role=\"img\" ><\/div>\n\t\t\t\t\t\t\t\t\t\t\t<div class=\"elementor-gallery-item__overlay\"><\/div>\n\t\t\t\t\t\t\t\t\t\t\t\t\t\t<\/a>\n\t\t\t\t\t\t\t<a class=\"e-gallery-item elementor-gallery-item elementor-animated-content\" href=\"https:\/\/www.onmayis.com.tr\/TR\/wp-content\/uploads\/2024\/07\/20big.jpg\" data-elementor-open-lightbox=\"yes\" data-elementor-lightbox-slideshow=\"e189dd9\" data-elementor-lightbox-title=\"20big\" data-e-action-hash=\"#elementor-action%3Aaction%3Dlightbox%26settings%3DeyJpZCI6ODQ2LCJ1cmwiOiJodHRwczpcL1wvd3d3Lm9ubWF5aXMuY29tLnRyXC9UUlwvd3AtY29udGVudFwvdXBsb2Fkc1wvMjAyNFwvMDdcLzIwYmlnLmpwZyIsInNsaWRlc2hvdyI6ImUxODlkZDkifQ%3D%3D\">\n\t\t\t\t\t<div class=\"e-gallery-image elementor-gallery-item__image\" data-thumbnail=\"https:\/\/www.onmayis.com.tr\/TR\/wp-content\/uploads\/2024\/07\/20big.jpg\" data-width=\"800\" data-height=\"539\" aria-label=\"\" role=\"img\" ><\/div>\n\t\t\t\t\t\t\t\t\t\t\t<div class=\"elementor-gallery-item__overlay\"><\/div>\n\t\t\t\t\t\t\t\t\t\t\t\t\t\t<\/a>\n\t\t\t\t\t\t\t<a class=\"e-gallery-item elementor-gallery-item elementor-animated-content\" href=\"https:\/\/www.onmayis.com.tr\/TR\/wp-content\/uploads\/2024\/07\/18big.jpg\" data-elementor-open-lightbox=\"yes\" data-elementor-lightbox-slideshow=\"e189dd9\" data-elementor-lightbox-title=\"18big\" data-e-action-hash=\"#elementor-action%3Aaction%3Dlightbox%26settings%3DeyJpZCI6ODUwLCJ1cmwiOiJodHRwczpcL1wvd3d3Lm9ubWF5aXMuY29tLnRyXC9UUlwvd3AtY29udGVudFwvdXBsb2Fkc1wvMjAyNFwvMDdcLzE4YmlnLmpwZyIsInNsaWRlc2hvdyI6ImUxODlkZDkifQ%3D%3D\">\n\t\t\t\t\t<div class=\"e-gallery-image elementor-gallery-item__image\" data-thumbnail=\"https:\/\/www.onmayis.com.tr\/TR\/wp-content\/uploads\/2024\/07\/18big.jpg\" data-width=\"800\" data-height=\"538\" aria-label=\"\" role=\"img\" ><\/div>\n\t\t\t\t\t\t\t\t\t\t\t<div class=\"elementor-gallery-item__overlay\"><\/div>\n\t\t\t\t\t\t\t\t\t\t\t\t\t\t<\/a>\n\t\t\t\t\t\t\t<a class=\"e-gallery-item elementor-gallery-item elementor-animated-content\" href=\"https:\/\/www.onmayis.com.tr\/TR\/wp-content\/uploads\/2024\/07\/17big.jpg\" data-elementor-open-lightbox=\"yes\" data-elementor-lightbox-slideshow=\"e189dd9\" data-elementor-lightbox-title=\"17big\" data-e-action-hash=\"#elementor-action%3Aaction%3Dlightbox%26settings%3DeyJpZCI6ODUxLCJ1cmwiOiJodHRwczpcL1wvd3d3Lm9ubWF5aXMuY29tLnRyXC9UUlwvd3AtY29udGVudFwvdXBsb2Fkc1wvMjAyNFwvMDdcLzE3YmlnLmpwZyIsInNsaWRlc2hvdyI6ImUxODlkZDkifQ%3D%3D\">\n\t\t\t\t\t<div class=\"e-gallery-image elementor-gallery-item__image\" data-thumbnail=\"https:\/\/www.onmayis.com.tr\/TR\/wp-content\/uploads\/2024\/07\/17big.jpg\" data-width=\"800\" data-height=\"534\" aria-label=\"\" role=\"img\" ><\/div>\n\t\t\t\t\t\t\t\t\t\t\t<div class=\"elementor-gallery-item__overlay\"><\/div>\n\t\t\t\t\t\t\t\t\t\t\t\t\t\t<\/a>\n\t\t\t\t\t\t\t<a class=\"e-gallery-item elementor-gallery-item elementor-animated-content\" href=\"https:\/\/www.onmayis.com.tr\/TR\/wp-content\/uploads\/2024\/07\/14big.jpg\" data-elementor-open-lightbox=\"yes\" data-elementor-lightbox-slideshow=\"e189dd9\" data-elementor-lightbox-title=\"14big\" data-e-action-hash=\"#elementor-action%3Aaction%3Dlightbox%26settings%3DeyJpZCI6ODU0LCJ1cmwiOiJodHRwczpcL1wvd3d3Lm9ubWF5aXMuY29tLnRyXC9UUlwvd3AtY29udGVudFwvdXBsb2Fkc1wvMjAyNFwvMDdcLzE0YmlnLmpwZyIsInNsaWRlc2hvdyI6ImUxODlkZDkifQ%3D%3D\">\n\t\t\t\t\t<div class=\"e-gallery-image elementor-gallery-item__image\" data-thumbnail=\"https:\/\/www.onmayis.com.tr\/TR\/wp-content\/uploads\/2024\/07\/14big.jpg\" data-width=\"800\" data-height=\"516\" aria-label=\"\" role=\"img\" ><\/div>\n\t\t\t\t\t\t\t\t\t\t\t<div class=\"elementor-gallery-item__overlay\"><\/div>\n\t\t\t\t\t\t\t\t\t\t\t\t\t\t<\/a>\n\t\t\t\t\t\t\t<a class=\"e-gallery-item elementor-gallery-item elementor-animated-content\" href=\"https:\/\/www.onmayis.com.tr\/TR\/wp-content\/uploads\/2024\/07\/8big.jpg\" data-elementor-open-lightbox=\"yes\" data-elementor-lightbox-slideshow=\"e189dd9\" data-elementor-lightbox-title=\"8big\" data-e-action-hash=\"#elementor-action%3Aaction%3Dlightbox%26settings%3DeyJpZCI6ODU2LCJ1cmwiOiJodHRwczpcL1wvd3d3Lm9ubWF5aXMuY29tLnRyXC9UUlwvd3AtY29udGVudFwvdXBsb2Fkc1wvMjAyNFwvMDdcLzhiaWcuanBnIiwic2xpZGVzaG93IjoiZTE4OWRkOSJ9\">\n\t\t\t\t\t<div class=\"e-gallery-image elementor-gallery-item__image\" data-thumbnail=\"https:\/\/www.onmayis.com.tr\/TR\/wp-content\/uploads\/2024\/07\/8big.jpg\" data-width=\"800\" data-height=\"533\" aria-label=\"\" role=\"img\" ><\/div>\n\t\t\t\t\t\t\t\t\t\t\t<div class=\"elementor-gallery-item__overlay\"><\/div>\n\t\t\t\t\t\t\t\t\t\t\t\t\t\t<\/a>\n\t\t\t\t\t\t\t<a class=\"e-gallery-item elementor-gallery-item elementor-animated-content\" href=\"https:\/\/www.onmayis.com.tr\/TR\/wp-content\/uploads\/2024\/07\/7big.jpg\" data-elementor-open-lightbox=\"yes\" data-elementor-lightbox-slideshow=\"e189dd9\" data-elementor-lightbox-title=\"7big\" data-e-action-hash=\"#elementor-action%3Aaction%3Dlightbox%26settings%3DeyJpZCI6ODU3LCJ1cmwiOiJodHRwczpcL1wvd3d3Lm9ubWF5aXMuY29tLnRyXC9UUlwvd3AtY29udGVudFwvdXBsb2Fkc1wvMjAyNFwvMDdcLzdiaWcuanBnIiwic2xpZGVzaG93IjoiZTE4OWRkOSJ9\">\n\t\t\t\t\t<div class=\"e-gallery-image elementor-gallery-item__image\" data-thumbnail=\"https:\/\/www.onmayis.com.tr\/TR\/wp-content\/uploads\/2024\/07\/7big.jpg\" data-width=\"800\" data-height=\"481\" aria-label=\"\" role=\"img\" ><\/div>\n\t\t\t\t\t\t\t\t\t\t\t<div class=\"elementor-gallery-item__overlay\"><\/div>\n\t\t\t\t\t\t\t\t\t\t\t\t\t\t<\/a>\n\t\t\t\t\t\t\t<a class=\"e-gallery-item elementor-gallery-item elementor-animated-content\" href=\"https:\/\/www.onmayis.com.tr\/TR\/wp-content\/uploads\/2024\/07\/6big-1.jpg\" data-elementor-open-lightbox=\"yes\" data-elementor-lightbox-slideshow=\"e189dd9\" data-elementor-lightbox-title=\"6big (1)\" data-e-action-hash=\"#elementor-action%3Aaction%3Dlightbox%26settings%3DeyJpZCI6ODU4LCJ1cmwiOiJodHRwczpcL1wvd3d3Lm9ubWF5aXMuY29tLnRyXC9UUlwvd3AtY29udGVudFwvdXBsb2Fkc1wvMjAyNFwvMDdcLzZiaWctMS5qcGciLCJzbGlkZXNob3ciOiJlMTg5ZGQ5In0%3D\">\n\t\t\t\t\t<div class=\"e-gallery-image elementor-gallery-item__image\" data-thumbnail=\"https:\/\/www.onmayis.com.tr\/TR\/wp-content\/uploads\/2024\/07\/6big-1.jpg\" data-width=\"800\" data-height=\"303\" aria-label=\"\" role=\"img\" ><\/div>\n\t\t\t\t\t\t\t\t\t\t\t<div class=\"elementor-gallery-item__overlay\"><\/div>\n\t\t\t\t\t\t\t\t\t\t\t\t\t\t<\/a>\n\t\t\t\t\t\t\t<a class=\"e-gallery-item elementor-gallery-item elementor-animated-content\" href=\"https:\/\/www.onmayis.com.tr\/TR\/wp-content\/uploads\/2024\/07\/16big.jpg\" data-elementor-open-lightbox=\"yes\" data-elementor-lightbox-slideshow=\"e189dd9\" data-elementor-lightbox-title=\"16big\" data-e-action-hash=\"#elementor-action%3Aaction%3Dlightbox%26settings%3DeyJpZCI6ODQ4LCJ1cmwiOiJodHRwczpcL1wvd3d3Lm9ubWF5aXMuY29tLnRyXC9UUlwvd3AtY29udGVudFwvdXBsb2Fkc1wvMjAyNFwvMDdcLzE2YmlnLmpwZyIsInNsaWRlc2hvdyI6ImUxODlkZDkifQ%3D%3D\">\n\t\t\t\t\t<div class=\"e-gallery-image elementor-gallery-item__image\" data-thumbnail=\"https:\/\/www.onmayis.com.tr\/TR\/wp-content\/uploads\/2024\/07\/16big.jpg\" data-width=\"800\" data-height=\"534\" aria-label=\"\" role=\"img\" ><\/div>\n\t\t\t\t\t\t\t\t\t\t\t<div class=\"elementor-gallery-item__overlay\"><\/div>\n\t\t\t\t\t\t\t\t\t\t\t\t\t\t<\/a>\n\t\t\t\t\t\t\t<a class=\"e-gallery-item elementor-gallery-item elementor-animated-content\" href=\"https:\/\/www.onmayis.com.tr\/TR\/wp-content\/uploads\/2024\/07\/15big.jpg\" data-elementor-open-lightbox=\"yes\" data-elementor-lightbox-slideshow=\"e189dd9\" data-elementor-lightbox-title=\"15big\" data-e-action-hash=\"#elementor-action%3Aaction%3Dlightbox%26settings%3DeyJpZCI6ODUzLCJ1cmwiOiJodHRwczpcL1wvd3d3Lm9ubWF5aXMuY29tLnRyXC9UUlwvd3AtY29udGVudFwvdXBsb2Fkc1wvMjAyNFwvMDdcLzE1YmlnLmpwZyIsInNsaWRlc2hvdyI6ImUxODlkZDkifQ%3D%3D\">\n\t\t\t\t\t<div class=\"e-gallery-image elementor-gallery-item__image\" data-thumbnail=\"https:\/\/www.onmayis.com.tr\/TR\/wp-content\/uploads\/2024\/07\/15big.jpg\" data-width=\"800\" data-height=\"534\" aria-label=\"\" role=\"img\" ><\/div>\n\t\t\t\t\t\t\t\t\t\t\t<div class=\"elementor-gallery-item__overlay\"><\/div>\n\t\t\t\t\t\t\t\t\t\t\t\t\t\t<\/a>\n\t\t\t\t\t<\/div>\n\t\t\t<\/div>\n\t\t\t\t<\/div>\n\t\t\t\t\t<\/div>\n\t\t\t\t<\/div>\n\t\t\t\t<\/div>\n\t\t","protected":false},"excerpt":{"rendered":"","protected":false},"author":1,"featured_media":0,"parent":0,"menu_order":0,"comment_status":"closed","ping_status":"closed","template":"","meta":{"footnotes":""},"class_list":["post-778","page","type-page","status-publish","hentry"],"_links":{"self":[{"href":"https:\/\/www.onmayis.com.tr\/TR\/index.php\/wp-json\/wp\/v2\/pages\/778","targetHints":{"allow":["GET"]}}],"collection":[{"href":"https:\/\/www.onmayis.com.tr\/TR\/index.php\/wp-json\/wp\/v2\/pages"}],"about":[{"href":"https:\/\/www.onmayis.com.tr\/TR\/index.php\/wp-json\/wp\/v2\/types\/page"}],"author":[{"embeddable":true,"href":"https:\/\/www.onmayis.com.tr\/TR\/index.php\/wp-json\/wp\/v2\/users\/1"}],"replies":[{"embeddable":true,"href":"https:\/\/www.onmayis.com.tr\/TR\/index.php\/wp-json\/wp\/v2\/comments?post=778"}],"version-history":[{"count":4,"href":"https:\/\/www.onmayis.com.tr\/TR\/index.php\/wp-json\/wp\/v2\/pages\/778\/revisions"}],"predecessor-version":[{"id":862,"href":"https:\/\/www.onmayis.com.tr\/TR\/index.php\/wp-json\/wp\/v2\/pages\/778\/revisions\/862"}],"wp:attachment":[{"href":"https:\/\/www.onmayis.com.tr\/TR\/index.php\/wp-json\/wp\/v2\/media?parent=778"}],"curies":[{"name":"wp","href":"https:\/\/api.w.org\/{rel}","templated":true}]}}