{"id":740,"date":"2024-07-02T10:18:48","date_gmt":"2024-07-02T10:18:48","guid":{"rendered":"https:\/\/www.onmayis.com.tr\/TR\/?page_id=740"},"modified":"2024-07-02T13:12:53","modified_gmt":"2024-07-02T13:12:53","slug":"guzellik-salonu","status":"publish","type":"page","link":"https:\/\/www.onmayis.com.tr\/TR\/index.php\/guzellik-salonu\/","title":{"rendered":"G\u00dcZELL\u0130K SALONU"},"content":{"rendered":"\t\t<div data-elementor-type=\"wp-page\" data-elementor-id=\"740\" class=\"elementor elementor-740\" data-elementor-post-type=\"page\">\n\t\t\t\t<div class=\"elementor-element elementor-element-2821c0d e-flex e-con-boxed e-con e-parent\" data-id=\"2821c0d\" data-element_type=\"container\">\n\t\t\t\t\t<div class=\"e-con-inner\">\n\t\t\t\t<div class=\"elementor-element elementor-element-97a08a7 elementor-widget elementor-widget-text-editor\" data-id=\"97a08a7\" data-element_type=\"widget\" data-widget_type=\"text-editor.default\">\n\t\t\t\t<div class=\"elementor-widget-container\">\n\t\t\t\t\t\t\t<p><img fetchpriority=\"high\" decoding=\"async\" class=\"size-full wp-image-821 alignleft\" src=\"https:\/\/www.onmayis.com.tr\/TR\/wp-content\/uploads\/2024\/07\/default-image-103-2.png\" alt=\"\" width=\"600\" height=\"396\" \/>On May\u0131s K\u0131z \u00d6\u011frenci Yurdu&#8217;nun Kuaf\u00f6r ve G\u00fczellik Salonu; deneyimli ve g\u00fcler y\u00fczl\u00fc ekibiyle, samimi atmosferiyle, g\u00fcvenli ve teknolojik donan\u0131m\u0131yla k\u0131zlar\u0131m\u0131za, haftan\u0131n alt\u0131 g\u00fcn\u00fc sabah 7:30 ile ak\u015fam 19:00 aras\u0131 hizmet vermektedir. S\u00fcrekli de\u011fi\u015fen sa\u00e7 modas\u0131 ve g\u00fcncellenen sa\u00e7 bak\u0131m\u0131 y\u00f6ntemlerini yak\u0131ndan takip eden kuaf\u00f6r\u00fcm\u00fcz, g\u00fczelli\u011fine ve bak\u0131m\u0131na \u00f6zen g\u00f6steren gen\u00e7 k\u0131zlar\u0131n zevklerine uygun, modern ve \u015f\u0131k sa\u00e7 modelleri tasarlamaktad\u0131r.<\/p>\t\t\t\t\t\t<\/div>\n\t\t\t\t<\/div>\n\t\t\t\t\t<\/div>\n\t\t\t\t<\/div>\n\t\t<div class=\"elementor-element elementor-element-ac979af e-flex e-con-boxed e-con e-parent\" data-id=\"ac979af\" data-element_type=\"container\">\n\t\t\t\t\t<div class=\"e-con-inner\">\n\t\t<div class=\"elementor-element elementor-element-00c2731 e-con-full e-flex e-con e-child\" data-id=\"00c2731\" data-element_type=\"container\">\n\t\t\t\t<div class=\"elementor-element elementor-element-7020448 elementor-widget elementor-widget-text-editor\" data-id=\"7020448\" data-element_type=\"widget\" data-widget_type=\"text-editor.default\">\n\t\t\t\t<div class=\"elementor-widget-container\">\n\t\t\t\t\t\t\t<h4>Hizmetlerimiz<\/h4><p>Sa\u00e7 Bak\u0131m\u0131,<\/p><p>Cilt Bak\u0131m\u0131,<\/p><p>Sa\u00e7 Tasar\u0131m,<\/p><p>Makyaj,<\/p><p>F\u00f6n,<\/p><p>Masaj,<\/p><p>Topuz,<\/p><p>Ka\u015f alma ve \u015fekillendirme,<\/p><p>\u00a0<\/p>\t\t\t\t\t\t<\/div>\n\t\t\t\t<\/div>\n\t\t\t\t<\/div>\n\t\t<div class=\"elementor-element elementor-element-74c1f5b e-con-full e-flex e-con e-child\" data-id=\"74c1f5b\" data-element_type=\"container\">\n\t\t\t\t<div class=\"elementor-element elementor-element-36a6143 elementor-widget elementor-widget-text-editor\" data-id=\"36a6143\" data-element_type=\"widget\" data-widget_type=\"text-editor.default\">\n\t\t\t\t<div class=\"elementor-widget-container\">\n\t\t\t\t\t\t\t<p>Sa\u00e7 Kesimi,<\/p><p>Ka\u015f ve kirpik boyama,<\/p><p>Sa\u00e7 Boyama,<\/p><p>Manik\u00fcr,<\/p><p>Balyaj,<\/p><p>Pedik\u00fcr,<\/p><p>R\u00f6fle.<\/p><p>Sir a\u011fda i\u015flemleri.<\/p><p>Kuaf\u00f6r ve G\u00fczellik Salonumuzda, On May\u0131s K\u0131z \u00d6\u011frenci Yurdu g\u00fcvencesiyle y\u00fcksek kalite standartlar\u0131 uygulanmaktad\u0131r.<\/p>\t\t\t\t\t\t<\/div>\n\t\t\t\t<\/div>\n\t\t\t\t<\/div>\n\t\t\t\t\t<\/div>\n\t\t\t\t<\/div>\n\t\t\t\t<\/div>\n\t\t","protected":false},"excerpt":{"rendered":"<p>On May\u0131s K\u0131z \u00d6\u011frenci Yurdu&#8217;nun Kuaf\u00f6r ve G\u00fczellik Salonu; deneyimli ve g\u00fcler y\u00fczl\u00fc ekibiyle, samimi atmosferiyle, g\u00fcvenli ve teknolojik donan\u0131m\u0131yla k\u0131zlar\u0131m\u0131za, haftan\u0131n alt\u0131 g\u00fcn\u00fc sabah 7:30 ile ak\u015fam 19:00 aras\u0131 hizmet vermektedir. S\u00fcrekli de\u011fi\u015fen sa\u00e7 modas\u0131 ve g\u00fcncellenen sa\u00e7 bak\u0131m\u0131 y\u00f6ntemlerini yak\u0131ndan takip eden kuaf\u00f6r\u00fcm\u00fcz, g\u00fczelli\u011fine ve bak\u0131m\u0131na \u00f6zen g\u00f6steren gen\u00e7 k\u0131zlar\u0131n zevklerine uygun, modern [&hellip;]<\/p>\n","protected":false},"author":1,"featured_media":0,"parent":0,"menu_order":0,"comment_status":"closed","ping_status":"closed","template":"","meta":{"footnotes":""},"class_list":["post-740","page","type-page","status-publish","hentry"],"_links":{"self":[{"href":"https:\/\/www.onmayis.com.tr\/TR\/index.php\/wp-json\/wp\/v2\/pages\/740","targetHints":{"allow":["GET"]}}],"collection":[{"href":"https:\/\/www.onmayis.com.tr\/TR\/index.php\/wp-json\/wp\/v2\/pages"}],"about":[{"href":"https:\/\/www.onmayis.com.tr\/TR\/index.php\/wp-json\/wp\/v2\/types\/page"}],"author":[{"embeddable":true,"href":"https:\/\/www.onmayis.com.tr\/TR\/index.php\/wp-json\/wp\/v2\/users\/1"}],"replies":[{"embeddable":true,"href":"https:\/\/www.onmayis.com.tr\/TR\/index.php\/wp-json\/wp\/v2\/comments?post=740"}],"version-history":[{"count":4,"href":"https:\/\/www.onmayis.com.tr\/TR\/index.php\/wp-json\/wp\/v2\/pages\/740\/revisions"}],"predecessor-version":[{"id":827,"href":"https:\/\/www.onmayis.com.tr\/TR\/index.php\/wp-json\/wp\/v2\/pages\/740\/revisions\/827"}],"wp:attachment":[{"href":"https:\/\/www.onmayis.com.tr\/TR\/index.php\/wp-json\/wp\/v2\/media?parent=740"}],"curies":[{"name":"wp","href":"https:\/\/api.w.org\/{rel}","templated":true}]}}