{"id":738,"date":"2024-07-02T10:18:32","date_gmt":"2024-07-02T10:18:32","guid":{"rendered":"https:\/\/www.onmayis.com.tr\/TR\/?page_id=738"},"modified":"2024-07-02T13:10:46","modified_gmt":"2024-07-02T13:10:46","slug":"saglik-kulubu","status":"publish","type":"page","link":"https:\/\/www.onmayis.com.tr\/TR\/index.php\/saglik-kulubu\/","title":{"rendered":"SA\u011eLIK KUL\u00dcB\u00dc"},"content":{"rendered":"\t\t<div data-elementor-type=\"wp-page\" data-elementor-id=\"738\" class=\"elementor elementor-738\" data-elementor-post-type=\"page\">\n\t\t\t\t<div class=\"elementor-element elementor-element-5480be0 e-flex e-con-boxed e-con e-parent\" data-id=\"5480be0\" data-element_type=\"container\">\n\t\t\t\t\t<div class=\"e-con-inner\">\n\t\t\t\t<div class=\"elementor-element elementor-element-b2b804d elementor-widget elementor-widget-text-editor\" data-id=\"b2b804d\" data-element_type=\"widget\" data-widget_type=\"text-editor.default\">\n\t\t\t\t<div class=\"elementor-widget-container\">\n\t\t\t\t\t\t\t<p><img fetchpriority=\"high\" decoding=\"async\" class=\"size-full wp-image-821 alignleft\" src=\"https:\/\/www.onmayis.com.tr\/TR\/wp-content\/uploads\/2024\/07\/default-image-103-2.png\" alt=\"\" width=\"600\" height=\"396\" \/>On May\u0131s K\u0131z \u00d6\u011frenci Yurdu Sa\u011fl\u0131k Kul\u00fcb\u00fc, \u201cKaliteli Bir Ya\u015fam \u0130\u00e7in Her Daim Spor\u201d ilkesiyle kurulmu\u015f, bilin\u00e7li sporu ve sa\u011fl\u0131kl\u0131 ya\u015fam\u0131 gen\u00e7 han\u0131mlar\u0131m\u0131za bir k\u00fclfet de\u011fil, bir hayat bi\u00e7imi olarak sunmay\u0131 kendine ama\u00e7 edinmi\u015f bir ya\u015fam kul\u00fcb\u00fcd\u00fcr.<\/p><p>Kul\u00fcb\u00fcm\u00fcz, modern teknolojinin gerektirdi\u011fi g\u00fc\u00e7l\u00fc altyap\u0131yla donat\u0131lm\u0131\u015f temiz, ferah ve ayd\u0131nl\u0131k bir spor ortam\u0131nda ve alan\u0131nda profesyonel beden e\u011fitimi \u00f6\u011fretmenlerinin s\u00fcrekli deste\u011fi ve rehberli\u011finde haftan\u0131n alt\u0131 g\u00fcn\u00fc gen\u00e7 han\u0131mlar\u0131m\u0131z\u0131n hizmetindedir. Fitness, pilates, aerobik gibi farkl\u0131 pek \u00e7ok spor aktivitesini bir \u00e7izelge d\u00e2hilinde bir arada sunan On May\u0131s K\u0131z \u00d6\u011frenci Yurdu Sa\u011fl\u0131k Kul\u00fcb\u00fc\u2019nde spor, gen\u00e7 han\u0131mlar\u0131m\u0131z\u0131n g\u00fcnl\u00fck hayatlar\u0131n\u0131n bir par\u00e7as\u0131d\u0131r.<\/p>\t\t\t\t\t\t<\/div>\n\t\t\t\t<\/div>\n\t\t\t\t\t<\/div>\n\t\t\t\t<\/div>\n\t\t\t\t<\/div>\n\t\t","protected":false},"excerpt":{"rendered":"<p>On May\u0131s K\u0131z \u00d6\u011frenci Yurdu Sa\u011fl\u0131k Kul\u00fcb\u00fc, \u201cKaliteli Bir Ya\u015fam \u0130\u00e7in Her Daim Spor\u201d ilkesiyle kurulmu\u015f, bilin\u00e7li sporu ve sa\u011fl\u0131kl\u0131 ya\u015fam\u0131 gen\u00e7 han\u0131mlar\u0131m\u0131za bir k\u00fclfet de\u011fil, bir hayat bi\u00e7imi olarak sunmay\u0131 kendine ama\u00e7 edinmi\u015f bir ya\u015fam kul\u00fcb\u00fcd\u00fcr. Kul\u00fcb\u00fcm\u00fcz, modern teknolojinin gerektirdi\u011fi g\u00fc\u00e7l\u00fc altyap\u0131yla donat\u0131lm\u0131\u015f temiz, ferah ve ayd\u0131nl\u0131k bir spor ortam\u0131nda ve alan\u0131nda profesyonel beden [&hellip;]<\/p>\n","protected":false},"author":1,"featured_media":0,"parent":0,"menu_order":0,"comment_status":"closed","ping_status":"closed","template":"","meta":{"footnotes":""},"class_list":["post-738","page","type-page","status-publish","hentry"],"_links":{"self":[{"href":"https:\/\/www.onmayis.com.tr\/TR\/index.php\/wp-json\/wp\/v2\/pages\/738","targetHints":{"allow":["GET"]}}],"collection":[{"href":"https:\/\/www.onmayis.com.tr\/TR\/index.php\/wp-json\/wp\/v2\/pages"}],"about":[{"href":"https:\/\/www.onmayis.com.tr\/TR\/index.php\/wp-json\/wp\/v2\/types\/page"}],"author":[{"embeddable":true,"href":"https:\/\/www.onmayis.com.tr\/TR\/index.php\/wp-json\/wp\/v2\/users\/1"}],"replies":[{"embeddable":true,"href":"https:\/\/www.onmayis.com.tr\/TR\/index.php\/wp-json\/wp\/v2\/comments?post=738"}],"version-history":[{"count":4,"href":"https:\/\/www.onmayis.com.tr\/TR\/index.php\/wp-json\/wp\/v2\/pages\/738\/revisions"}],"predecessor-version":[{"id":824,"href":"https:\/\/www.onmayis.com.tr\/TR\/index.php\/wp-json\/wp\/v2\/pages\/738\/revisions\/824"}],"wp:attachment":[{"href":"https:\/\/www.onmayis.com.tr\/TR\/index.php\/wp-json\/wp\/v2\/media?parent=738"}],"curies":[{"name":"wp","href":"https:\/\/api.w.org\/{rel}","templated":true}]}}