{"id":736,"date":"2024-07-02T10:18:16","date_gmt":"2024-07-02T10:18:16","guid":{"rendered":"https:\/\/www.onmayis.com.tr\/TR\/?page_id=736"},"modified":"2024-07-02T13:09:25","modified_gmt":"2024-07-02T13:09:25","slug":"restaurant","status":"publish","type":"page","link":"https:\/\/www.onmayis.com.tr\/TR\/index.php\/restaurant\/","title":{"rendered":"RESTAURANT"},"content":{"rendered":"\t\t<div data-elementor-type=\"wp-page\" data-elementor-id=\"736\" class=\"elementor elementor-736\" data-elementor-post-type=\"page\">\n\t\t\t\t<div class=\"elementor-element elementor-element-ecf4bc2 e-flex e-con-boxed e-con e-parent\" data-id=\"ecf4bc2\" data-element_type=\"container\">\n\t\t\t\t\t<div class=\"e-con-inner\">\n\t\t\t\t<div class=\"elementor-element elementor-element-f0828cd elementor-widget elementor-widget-text-editor\" data-id=\"f0828cd\" data-element_type=\"widget\" data-widget_type=\"text-editor.default\">\n\t\t\t\t<div class=\"elementor-widget-container\">\n\t\t\t\t\t\t\t<p><img fetchpriority=\"high\" decoding=\"async\" class=\"size-full wp-image-814 alignleft\" src=\"https:\/\/www.onmayis.com.tr\/TR\/wp-content\/uploads\/2024\/07\/default-image-102.png\" alt=\"\" width=\"600\" height=\"396\" \/>On May\u0131s K\u0131z \u00d6\u011frenci Yurdu Bah\u00e7elievler \u015eubesi\u2019nde restoran\u0131m\u0131z hem yerli hem yabanc\u0131 \u00f6\u011frencilerimizin beklentilerine cevap verebilmek gayesiyle farkl\u0131 lezzetlerin nezih bir ortamda, g\u00fczel m\u00fczik e\u015fli\u011finde ve candan bir ekibin hizmetiyle bir araya geldi\u011fi ho\u015f bir mekan olarak tasarlanm\u0131\u015ft\u0131r.<\/p><p>B\u00f6ylesi g\u00fczel bir ortam\u0131n olu\u015fmas\u0131n\u0131 sa\u011flayan temel fakt\u00f6r, romantik \u00e7izgilerde tasarlanm\u0131\u015f \u00f6zel mobilyas\u0131ndan barok duvar ka\u011f\u0131d\u0131na ve \u015f\u0131k porselen servislerde sunulan leziz yemeklerine var\u0131ncaya kadar titizlikle d\u00fc\u015f\u00fcn\u00fclen t\u00fcm detaylard\u0131r.<\/p><p>Restoran\u0131m\u0131z\u0131 bir marka haline getiren bir di\u011fer unsur ise her g\u00fcn birinci s\u0131n\u0131f a\u015f\u00e7\u0131m\u0131z taraf\u0131ndan haz\u0131rlanan ve profesyonel ekibimiz taraf\u0131ndan servis edilen ak\u015fam yeme\u011fi men\u00fcleridir. Misafirlerimize, kendi zevkleri do\u011frultusunda se\u00e7im yapabilmeleri i\u00e7in tamamen geleneksel tatlarla bulu\u015facaklar\u0131, zengin ev yemeklerinden d\u00fcnya mutfa\u011f\u0131na uzanan \u00e7e\u015fitlerden olu\u015fan iki ayr\u0131 men\u00fc sunar\u0131z. Bu men\u00fclerimizdeyse, ba\u015flang\u0131\u00e7 olarak sundu\u011fumuz havu\u00e7 tarator ve cac\u0131ktan zeytinya\u011fl\u0131 ev yemeklerine ve t\u00fcrl\u00fc t\u00fcrl\u00fc salatalara uzanan T\u00fcrk mutfa\u011f\u0131n\u0131n g\u00fczide lezzetlerinin ard\u0131ndan zengin \u00e7orba \u00e7e\u015fitleri, b\u00f6rek t\u00fcrleri, k\u00f6fte\/bal\u0131k ve patates k\u0131zartma, pizza ve \u00c7in b\u00f6re\u011fi gibi ara s\u0131caklar\u0131n ard\u0131ndan servis edilen rosto, \u015fnitzel, g\u00fcn\u00fcn bal\u0131\u011f\u0131 ve yine, tabi ki, birbirinden leziz T\u00fcrk ev yemekleri gibi d\u00fcnya mutfa\u011f\u0131n\u0131n en \u00e7ok iz b\u0131rakan lezzetlerini ana yemekler aras\u0131nda bulabilirsiniz. Yemek servisimizin ard\u0131ndan meyve, \u00e7ay ve kahve servisi verilmektedir.<\/p><p>Sabah kahvalt\u0131s\u0131na gelince, konuklar\u0131m\u0131z her sabah, hemen hemen k\u0131rk \u00e7e\u015fidi bar\u0131nd\u0131ran ve s\u00fcrekli yenilenen a\u00e7\u0131k b\u00fcfemizden diledikleri \u00f6l\u00e7\u00fcde faydalanabilirler. Kahvalt\u0131 men\u00fcm\u00fczde, s\u0131cak, so\u011fuk ve diyet olmak \u00fczere \u00fc\u00e7 ana kategoride pek \u00e7ok se\u00e7ene\u011fe yer verdik. Bu se\u00e7enekler aras\u0131nda, ev pizzas\u0131, sal\u00e7al\u0131 sosis, tost \u00e7e\u015fitleri, taze b\u00f6rekler ve po\u011fa\u00e7alar, g\u00f6zleme \u00e7e\u015fitleri, yumurta (ha\u015flanm\u0131\u015f, sahanda veya omlet), peynir \u00e7e\u015fitleri (tam ya\u011fl\u0131 beyaz, ya\u011fs\u0131z beyaz, cheddar, ka\u015far, labne), taze sebzeler (domates, salatal\u0131k ve mevsim ye\u015fillikleri), zeytin \u00e7e\u015fitleri, salam (diyet ve normal), re\u00e7el \u00e7e\u015fitleri (diyet ve normal), bal, acuka, krem peynirli dip sos, tahin pekmez, \u00e7ikolatal\u0131 f\u0131nd\u0131k krema ve bunun gibi ekmek \u00fcst\u00fc lezzetleri bir arada bulabilirsiniz.<\/p><p>Vermekte oldu\u011fumuz pek \u00e7ok hizmet gibi, On May\u0131s Bah\u00e7elievler \u015eube\u2019sinde restoran hizmetleri i\u00e7in de ayr\u0131ca bir \u00fccret al\u0131nmamaktad\u0131r.<\/p>\t\t\t\t\t\t<\/div>\n\t\t\t\t<\/div>\n\t\t\t\t\t<\/div>\n\t\t\t\t<\/div>\n\t\t\t\t<\/div>\n\t\t","protected":false},"excerpt":{"rendered":"<p>On May\u0131s K\u0131z \u00d6\u011frenci Yurdu Bah\u00e7elievler \u015eubesi\u2019nde restoran\u0131m\u0131z hem yerli hem yabanc\u0131 \u00f6\u011frencilerimizin beklentilerine cevap verebilmek gayesiyle farkl\u0131 lezzetlerin nezih bir ortamda, g\u00fczel m\u00fczik e\u015fli\u011finde ve candan bir ekibin hizmetiyle bir araya geldi\u011fi ho\u015f bir mekan olarak tasarlanm\u0131\u015ft\u0131r. B\u00f6ylesi g\u00fczel bir ortam\u0131n olu\u015fmas\u0131n\u0131 sa\u011flayan temel fakt\u00f6r, romantik \u00e7izgilerde tasarlanm\u0131\u015f \u00f6zel mobilyas\u0131ndan barok duvar ka\u011f\u0131d\u0131na ve [&hellip;]<\/p>\n","protected":false},"author":1,"featured_media":0,"parent":0,"menu_order":0,"comment_status":"closed","ping_status":"closed","template":"","meta":{"footnotes":""},"class_list":["post-736","page","type-page","status-publish","hentry"],"_links":{"self":[{"href":"https:\/\/www.onmayis.com.tr\/TR\/index.php\/wp-json\/wp\/v2\/pages\/736","targetHints":{"allow":["GET"]}}],"collection":[{"href":"https:\/\/www.onmayis.com.tr\/TR\/index.php\/wp-json\/wp\/v2\/pages"}],"about":[{"href":"https:\/\/www.onmayis.com.tr\/TR\/index.php\/wp-json\/wp\/v2\/types\/page"}],"author":[{"embeddable":true,"href":"https:\/\/www.onmayis.com.tr\/TR\/index.php\/wp-json\/wp\/v2\/users\/1"}],"replies":[{"embeddable":true,"href":"https:\/\/www.onmayis.com.tr\/TR\/index.php\/wp-json\/wp\/v2\/comments?post=736"}],"version-history":[{"count":7,"href":"https:\/\/www.onmayis.com.tr\/TR\/index.php\/wp-json\/wp\/v2\/pages\/736\/revisions"}],"predecessor-version":[{"id":820,"href":"https:\/\/www.onmayis.com.tr\/TR\/index.php\/wp-json\/wp\/v2\/pages\/736\/revisions\/820"}],"wp:attachment":[{"href":"https:\/\/www.onmayis.com.tr\/TR\/index.php\/wp-json\/wp\/v2\/media?parent=736"}],"curies":[{"name":"wp","href":"https:\/\/api.w.org\/{rel}","templated":true}]}}