{"id":734,"date":"2024-07-02T10:18:01","date_gmt":"2024-07-02T10:18:01","guid":{"rendered":"https:\/\/www.onmayis.com.tr\/TR\/?page_id=734"},"modified":"2024-07-02T13:07:58","modified_gmt":"2024-07-02T13:07:58","slug":"odalarimiz","status":"publish","type":"page","link":"https:\/\/www.onmayis.com.tr\/TR\/index.php\/odalarimiz\/","title":{"rendered":"ODALARIMIZ"},"content":{"rendered":"\t\t<div data-elementor-type=\"wp-page\" data-elementor-id=\"734\" class=\"elementor elementor-734\" data-elementor-post-type=\"page\">\n\t\t\t\t<div class=\"elementor-element elementor-element-5826c0a e-flex e-con-boxed e-con e-parent\" data-id=\"5826c0a\" data-element_type=\"container\">\n\t\t\t\t\t<div class=\"e-con-inner\">\n\t\t\t\t<div class=\"elementor-element elementor-element-135a457 elementor-widget elementor-widget-text-editor\" data-id=\"135a457\" data-element_type=\"widget\" data-widget_type=\"text-editor.default\">\n\t\t\t\t<div class=\"elementor-widget-container\">\n\t\t\t\t\t\t\t<p align=\"justify\"><img fetchpriority=\"high\" decoding=\"async\" class=\"size-full wp-image-810 alignleft\" src=\"https:\/\/www.onmayis.com.tr\/TR\/wp-content\/uploads\/2024\/07\/default-image-100.png\" alt=\"\" width=\"600\" height=\"396\" \/>On May\u0131s K\u0131z \u00d6\u011frenci Yurdu Bah\u00e7elievler \u015eubesinde odalar modern otel mimarisi \u00e7izgilerinde tasarlanm\u0131\u015f ve dekore edilmi\u015ftir.<\/p><p>Toplamda 66 kapasiteli yurt binam\u0131zda ki\u015fiye kendine ait izole bir ya\u015fam alan\u0131 sunmak gayesiyle sadece tek ki\u015filik ve \u00e7ift ki\u015filik odalara yer verdik. Oda tiplerimiz Deluxe Standart Odalar , VIP S\u00fcit Odalar ve \u00e7ift ki\u015filik odalar olmak \u00fczere \u00fc\u00e7 \u00e7e\u015fittir ancak her \u00fc\u00e7 \u00e7e\u015fit oda tipimizde de \u00f6\u011frencinin kendine \u00f6zel banyosu, balkonu, rahat\u00e7a yerle\u015febilmesini sa\u011flamak amac\u0131yla olduk\u00e7a geni\u015f ve kullan\u0131\u015fl\u0131 bir \u015fekilde dizayn edilmi\u015f d\u00f6rt kap\u0131l\u0131 gard\u0131robu, komodin, \u015fifonyer ve dolaplar\u0131, \u00e7al\u0131\u015fma \u00fcnitesi, uzaktan kumandal\u0131 ayd\u0131nlatma sistemi, y\u00fcksek h\u0131zl\u0131 internet ba\u011flant\u0131s\u0131, kettle ve \u00e7ay\/kahve seti, g\u00f6mme buzdolab\u0131, LED TV ve uydu yay\u0131n\u0131 vard\u0131r. \u00d6\u011frencilerimizin huzuru ve konforu i\u00e7in odalar\u0131m\u0131z\u0131n tamam\u0131 ses yal\u0131t\u0131ml\u0131d\u0131r. Oda temizli\u011fi her g\u00fcn profesyonel kat g\u00f6revlileri taraf\u0131ndan aksatmadan yap\u0131lmaktad\u0131r.<\/p><p>Deluxe Standart Odalar\u0131m\u0131zda, queen size yataklar 150 cm eninde (1.5 ki\u015filik) ve ortopediktir. Terasa a\u00e7\u0131lan VIP S\u00fcitlerde bulunan king size yataklar ise 200 cm eninde (\u00e7ift ki\u015filik) ve yine ortopediktir. Yatak ba\u015flar\u0131na, LED ayd\u0131nlatma kullan\u0131larak hem estetik bir g\u00f6r\u00fcn\u00fcm hem de gece lambas\u0131 fonksiyonu kazand\u0131r\u0131lm\u0131\u015ft\u0131r. \u015e\u0131k beyaz deri oturma gruplar\u0131 ise oda konforunu tamamlamaktad\u0131r.<\/p>\t\t\t\t\t\t<\/div>\n\t\t\t\t<\/div>\n\t\t\t\t\t<\/div>\n\t\t\t\t<\/div>\n\t\t\t\t<\/div>\n\t\t","protected":false},"excerpt":{"rendered":"<p>On May\u0131s K\u0131z \u00d6\u011frenci Yurdu Bah\u00e7elievler \u015eubesinde odalar modern otel mimarisi \u00e7izgilerinde tasarlanm\u0131\u015f ve dekore edilmi\u015ftir. Toplamda 66 kapasiteli yurt binam\u0131zda ki\u015fiye kendine ait izole bir ya\u015fam alan\u0131 sunmak gayesiyle sadece tek ki\u015filik ve \u00e7ift ki\u015filik odalara yer verdik. Oda tiplerimiz Deluxe Standart Odalar , VIP S\u00fcit Odalar ve \u00e7ift ki\u015filik odalar olmak \u00fczere \u00fc\u00e7 [&hellip;]<\/p>\n","protected":false},"author":1,"featured_media":0,"parent":0,"menu_order":0,"comment_status":"closed","ping_status":"closed","template":"","meta":{"footnotes":""},"class_list":["post-734","page","type-page","status-publish","hentry"],"_links":{"self":[{"href":"https:\/\/www.onmayis.com.tr\/TR\/index.php\/wp-json\/wp\/v2\/pages\/734","targetHints":{"allow":["GET"]}}],"collection":[{"href":"https:\/\/www.onmayis.com.tr\/TR\/index.php\/wp-json\/wp\/v2\/pages"}],"about":[{"href":"https:\/\/www.onmayis.com.tr\/TR\/index.php\/wp-json\/wp\/v2\/types\/page"}],"author":[{"embeddable":true,"href":"https:\/\/www.onmayis.com.tr\/TR\/index.php\/wp-json\/wp\/v2\/users\/1"}],"replies":[{"embeddable":true,"href":"https:\/\/www.onmayis.com.tr\/TR\/index.php\/wp-json\/wp\/v2\/comments?post=734"}],"version-history":[{"count":4,"href":"https:\/\/www.onmayis.com.tr\/TR\/index.php\/wp-json\/wp\/v2\/pages\/734\/revisions"}],"predecessor-version":[{"id":813,"href":"https:\/\/www.onmayis.com.tr\/TR\/index.php\/wp-json\/wp\/v2\/pages\/734\/revisions\/813"}],"wp:attachment":[{"href":"https:\/\/www.onmayis.com.tr\/TR\/index.php\/wp-json\/wp\/v2\/media?parent=734"}],"curies":[{"name":"wp","href":"https:\/\/api.w.org\/{rel}","templated":true}]}}