{"id":732,"date":"2024-07-02T10:17:41","date_gmt":"2024-07-02T10:17:41","guid":{"rendered":"https:\/\/www.onmayis.com.tr\/TR\/?page_id=732"},"modified":"2024-07-02T13:06:26","modified_gmt":"2024-07-02T13:06:26","slug":"yurt-sahibi","status":"publish","type":"page","link":"https:\/\/www.onmayis.com.tr\/TR\/index.php\/kurumsal\/yurt-sahibi\/","title":{"rendered":"YURT SAH\u0130B\u0130"},"content":{"rendered":"\t\t<div data-elementor-type=\"wp-page\" data-elementor-id=\"732\" class=\"elementor elementor-732\" data-elementor-post-type=\"page\">\n\t\t\t\t<div class=\"elementor-element elementor-element-50e7636 e-flex e-con-boxed e-con e-parent\" data-id=\"50e7636\" data-element_type=\"container\">\n\t\t\t\t\t<div class=\"e-con-inner\">\n\t\t\t\t<div class=\"elementor-element elementor-element-c0502e6 elementor-widget elementor-widget-text-editor\" data-id=\"c0502e6\" data-element_type=\"widget\" data-widget_type=\"text-editor.default\">\n\t\t\t\t<div class=\"elementor-widget-container\">\n\t\t\t\t\t\t\t<p><img fetchpriority=\"high\" decoding=\"async\" class=\"size-full wp-image-800 alignleft\" src=\"https:\/\/www.onmayis.com.tr\/TR\/wp-content\/uploads\/2024\/07\/default-image-2-2.png\" alt=\"\" width=\"600\" height=\"396\" \/>Yurt sahibi Sabiye <strong>Serpil AYDO\u011eAN<\/strong>, yurt i\u015fletmecili\u011fi sekt\u00f6r\u00fcndeki engin deneyimlerinin ve uzun y\u0131llara dayal\u0131 hizmetlerinin d\u0131\u015f\u0131nda, askeri okulda e\u011fitmen olup, ayr\u0131ca Ankara&#8217;n\u0131n en eski ve \u00f6nc\u00fc sanat merkezinin de kurucusu ve sahibidir. E\u011fitime katk\u0131lar\u0131ndan dolay\u0131 ald\u0131\u011f\u0131 pek \u00e7ok \u00f6d\u00fcl\u00fcn yan\u0131 s\u0131ra, bil fiil ba\u015f\u0131nda bulundu\u011fu k\u0131z \u00f6\u011frenci yurtlar\u0131n\u0131n g\u00f6stermi\u015f oldu\u011fu ba\u015far\u0131lardan dolay\u0131 defalarca kez Milli E\u011fitim Bakanl\u0131\u011f\u0131 taraf\u0131ndan \u00f6d\u00fcllendirilmi\u015f ve \u00f6rnek g\u00f6sterilmi\u015ftir.<\/p>\t\t\t\t\t\t<\/div>\n\t\t\t\t<\/div>\n\t\t\t\t\t<\/div>\n\t\t\t\t<\/div>\n\t\t\t\t<\/div>\n\t\t","protected":false},"excerpt":{"rendered":"<p>Yurt sahibi Sabiye Serpil AYDO\u011eAN, yurt i\u015fletmecili\u011fi sekt\u00f6r\u00fcndeki engin deneyimlerinin ve uzun y\u0131llara dayal\u0131 hizmetlerinin d\u0131\u015f\u0131nda, askeri okulda e\u011fitmen olup, ayr\u0131ca Ankara&#8217;n\u0131n en eski ve \u00f6nc\u00fc sanat merkezinin de kurucusu ve sahibidir. E\u011fitime katk\u0131lar\u0131ndan dolay\u0131 ald\u0131\u011f\u0131 pek \u00e7ok \u00f6d\u00fcl\u00fcn yan\u0131 s\u0131ra, bil fiil ba\u015f\u0131nda bulundu\u011fu k\u0131z \u00f6\u011frenci yurtlar\u0131n\u0131n g\u00f6stermi\u015f oldu\u011fu ba\u015far\u0131lardan dolay\u0131 defalarca kez Milli [&hellip;]<\/p>\n","protected":false},"author":1,"featured_media":0,"parent":728,"menu_order":0,"comment_status":"closed","ping_status":"closed","template":"","meta":{"footnotes":""},"class_list":["post-732","page","type-page","status-publish","hentry"],"_links":{"self":[{"href":"https:\/\/www.onmayis.com.tr\/TR\/index.php\/wp-json\/wp\/v2\/pages\/732","targetHints":{"allow":["GET"]}}],"collection":[{"href":"https:\/\/www.onmayis.com.tr\/TR\/index.php\/wp-json\/wp\/v2\/pages"}],"about":[{"href":"https:\/\/www.onmayis.com.tr\/TR\/index.php\/wp-json\/wp\/v2\/types\/page"}],"author":[{"embeddable":true,"href":"https:\/\/www.onmayis.com.tr\/TR\/index.php\/wp-json\/wp\/v2\/users\/1"}],"replies":[{"embeddable":true,"href":"https:\/\/www.onmayis.com.tr\/TR\/index.php\/wp-json\/wp\/v2\/comments?post=732"}],"version-history":[{"count":7,"href":"https:\/\/www.onmayis.com.tr\/TR\/index.php\/wp-json\/wp\/v2\/pages\/732\/revisions"}],"predecessor-version":[{"id":809,"href":"https:\/\/www.onmayis.com.tr\/TR\/index.php\/wp-json\/wp\/v2\/pages\/732\/revisions\/809"}],"up":[{"embeddable":true,"href":"https:\/\/www.onmayis.com.tr\/TR\/index.php\/wp-json\/wp\/v2\/pages\/728"}],"wp:attachment":[{"href":"https:\/\/www.onmayis.com.tr\/TR\/index.php\/wp-json\/wp\/v2\/media?parent=732"}],"curies":[{"name":"wp","href":"https:\/\/api.w.org\/{rel}","templated":true}]}}