{"id":730,"date":"2024-07-02T10:17:08","date_gmt":"2024-07-02T10:17:08","guid":{"rendered":"https:\/\/www.onmayis.com.tr\/TR\/?page_id=730"},"modified":"2024-08-17T14:45:45","modified_gmt":"2024-08-17T14:45:45","slug":"hakkimizda","status":"publish","type":"page","link":"https:\/\/www.onmayis.com.tr\/TR\/index.php\/kurumsal\/hakkimizda\/","title":{"rendered":"HAKKIMIZDA"},"content":{"rendered":"\t\t<div data-elementor-type=\"wp-page\" data-elementor-id=\"730\" class=\"elementor elementor-730\" data-elementor-post-type=\"page\">\n\t\t\t\t<div class=\"elementor-element elementor-element-b8a492d e-flex e-con-boxed e-con e-parent\" data-id=\"b8a492d\" data-element_type=\"container\">\n\t\t\t\t\t<div class=\"e-con-inner\">\n\t\t\t\t<div class=\"elementor-element elementor-element-b06e7b1 elementor-widget elementor-widget-text-editor\" data-id=\"b06e7b1\" data-element_type=\"widget\" data-widget_type=\"text-editor.default\">\n\t\t\t\t<div class=\"elementor-widget-container\">\n\t\t\t\t\t\t\t<p><img fetchpriority=\"high\" decoding=\"async\" class=\"size-full wp-image-800 alignleft\" src=\"https:\/\/www.onmayis.com.tr\/TR\/wp-content\/uploads\/2024\/07\/default-image-2-2.png\" alt=\"\" width=\"600\" height=\"396\" \/>Biz On May\u0131s Ankara K\u0131z \u00d6\u011frenci Yurtlar\u0131 olarak, sekt\u00f6r de 19 senelik ba\u015far\u0131l\u0131 bir yurt i\u015fletmecili\u011finin verdi\u011fi avantaj ve itibarla, gerek ba\u011fl\u0131 oldu\u011fumuz Gen\u00e7lik ve Spor Bakanl\u0131\u011f\u0131&#8217; n\u0131n ve t\u00fcm di\u011fer resmi kurumlar\u0131n, gerekse a\u011f\u0131rlad\u0131\u011f\u0131m\u0131z \u00fcniversiteli gen\u00e7lerin ve ailelerinin takdirini kazanm\u0131\u015f olmaktan k\u0131van\u00e7 duyuyoruz.<\/p><p>Yurt y\u00f6netimi olarak, TEMEL PRENS\u0130B\u0130M\u0130Z ebeveynlerimizin bize g\u00f6sterdi\u011fi g\u00fcvene ve inanca lay\u0131k bir \u015fekilde biricik k\u0131zlar\u0131na kar\u015f\u0131 ailelerinin aynas\u0131 olabilmektir.<\/p><p>\u00c7\u00fcnk\u00fc k\u0131z\u0131n\u0131z art\u0131k bizim k\u0131z\u0131m\u0131zd\u0131r.<\/p><p>T\u00fcrkiye&#8217;nin ve d\u00fcnyan\u0131n pek \u00e7ok yerinden gelip, t\u00fcm farkl\u0131l\u0131klar\u0131n yan\u0131nda ayn\u0131 temel \u00f6nceliklerde birle\u015fen, ayn\u0131 elit zevkleri payla\u015fan, sayg\u0131n ve renkli \u00f6\u011frenci profilimizi burda ya\u015fatt\u0131\u011f\u0131m\u0131z konseptin en \u00f6nemli yap\u0131 ta\u015f\u0131 olarak \u00f6zen ve titizlikle olu\u015fturduk. T\u00fcm yenilik\u00e7i fikirlerimize ve uygulamalar\u0131m\u0131za ilham olan bu zenginli\u011fi art\u0131rmaksa bizim en b\u00fcy\u00fck idealimizdir.<\/p><p>Bu ilke ile yola \u00e7\u0131karak, sa\u011fl\u0131kl\u0131 bir e\u011fitim ve mutlu bir \u00f6\u011frencilik hayat\u0131n\u0131n ZEM\u0130N\u0130N\u0130, s\u0131ms\u0131cak dostluklar\u0131n kuruldu\u011fu ve peki\u015fti\u011fi, ho\u015fg\u00f6r\u00fcn\u00fcn, yard\u0131mla\u015fman\u0131n, k\u0131saca B\u0130RL\u0130KTE YA\u015eAMA SANATININ \u00f6\u011frenildi\u011fi bir mekan olu\u015fturabilmektir.<\/p>\t\t\t\t\t\t<\/div>\n\t\t\t\t<\/div>\n\t\t\t\t\t<\/div>\n\t\t\t\t<\/div>\n\t\t\t\t<\/div>\n\t\t","protected":false},"excerpt":{"rendered":"<p>Biz On May\u0131s Ankara K\u0131z \u00d6\u011frenci Yurtlar\u0131 olarak, sekt\u00f6r de 19 senelik ba\u015far\u0131l\u0131 bir yurt i\u015fletmecili\u011finin verdi\u011fi avantaj ve itibarla, gerek ba\u011fl\u0131 oldu\u011fumuz Gen\u00e7lik ve Spor Bakanl\u0131\u011f\u0131&#8217; n\u0131n ve t\u00fcm di\u011fer resmi kurumlar\u0131n, gerekse a\u011f\u0131rlad\u0131\u011f\u0131m\u0131z \u00fcniversiteli gen\u00e7lerin ve ailelerinin takdirini kazanm\u0131\u015f olmaktan k\u0131van\u00e7 duyuyoruz. Yurt y\u00f6netimi olarak, TEMEL PRENS\u0130B\u0130M\u0130Z ebeveynlerimizin bize g\u00f6sterdi\u011fi g\u00fcvene ve inanca [&hellip;]<\/p>\n","protected":false},"author":1,"featured_media":0,"parent":728,"menu_order":0,"comment_status":"closed","ping_status":"closed","template":"","meta":{"footnotes":""},"class_list":["post-730","page","type-page","status-publish","hentry"],"_links":{"self":[{"href":"https:\/\/www.onmayis.com.tr\/TR\/index.php\/wp-json\/wp\/v2\/pages\/730","targetHints":{"allow":["GET"]}}],"collection":[{"href":"https:\/\/www.onmayis.com.tr\/TR\/index.php\/wp-json\/wp\/v2\/pages"}],"about":[{"href":"https:\/\/www.onmayis.com.tr\/TR\/index.php\/wp-json\/wp\/v2\/types\/page"}],"author":[{"embeddable":true,"href":"https:\/\/www.onmayis.com.tr\/TR\/index.php\/wp-json\/wp\/v2\/users\/1"}],"replies":[{"embeddable":true,"href":"https:\/\/www.onmayis.com.tr\/TR\/index.php\/wp-json\/wp\/v2\/comments?post=730"}],"version-history":[{"count":7,"href":"https:\/\/www.onmayis.com.tr\/TR\/index.php\/wp-json\/wp\/v2\/pages\/730\/revisions"}],"predecessor-version":[{"id":964,"href":"https:\/\/www.onmayis.com.tr\/TR\/index.php\/wp-json\/wp\/v2\/pages\/730\/revisions\/964"}],"up":[{"embeddable":true,"href":"https:\/\/www.onmayis.com.tr\/TR\/index.php\/wp-json\/wp\/v2\/pages\/728"}],"wp:attachment":[{"href":"https:\/\/www.onmayis.com.tr\/TR\/index.php\/wp-json\/wp\/v2\/media?parent=730"}],"curies":[{"name":"wp","href":"https:\/\/api.w.org\/{rel}","templated":true}]}}