{"id":616,"date":"2023-07-21T01:54:47","date_gmt":"2023-07-21T01:54:47","guid":{"rendered":"https:\/\/themegavias.com\/wp\/pisole\/?page_id=13"},"modified":"2025-05-12T07:11:10","modified_gmt":"2025-05-12T07:11:10","slug":"anasayfa","status":"publish","type":"page","link":"https:\/\/www.onmayis.com.tr\/TR\/","title":{"rendered":"ANASAYFA"},"content":{"rendered":"\t\t<div data-elementor-type=\"wp-page\" data-elementor-id=\"616\" class=\"elementor elementor-616\" data-elementor-post-type=\"page\">\n\t\t\t\t\t\t<section class=\"elementor-section elementor-top-section elementor-element elementor-element-b10ba7e elementor-section-full_width elementor-section-height-default elementor-section-height-default\" data-id=\"b10ba7e\" data-element_type=\"section\">\n\t\t\t\t\t\t<div class=\"elementor-container elementor-column-gap-no\">\n\t\t\t\t\t<div class=\"elementor-column elementor-col-100 elementor-top-column elementor-element elementor-element-d4d8a97\" data-id=\"d4d8a97\" data-element_type=\"column\">\n\t\t\t<div class=\"elementor-widget-wrap elementor-element-populated\">\n\t\t\t\t\t\t<div class=\"elementor-element elementor-element-a7d3c60 elementor-widget elementor-widget-gva-rev-slider\" data-id=\"a7d3c60\" data-element_type=\"widget\" data-widget_type=\"gva-rev-slider.default\">\n\t\t\t\t<div class=\"elementor-widget-container\">\n\t\t\t<div class=\"gva-element-gva-rev-slider gva-element\">\n\t\t\t\t<p class=\"rs-p-wp-fix\"><\/p>\n\t\t\t\t<sr7-module data-alias=\"slider-1\" data-id=\"1\" id=\"SR7_1_1\" class=\"rs-ov-hidden\" data-version=\"6.7.13\">\n\t\t\t\t\t<sr7-adjuster><\/sr7-adjuster>\n\t\t\t\t\t<sr7-content>\n\t\t\t\t\t\t<sr7-slide id=\"SR7_1_1-1\" data-key=\"1\">\n\t\t\t\t\t\t\t<sr7-bg id=\"SR7_1_1-1-5\" class=\"sr7-layer\"><noscript><img decoding=\"async\" src=\"https:\/\/www.onmayis.com.tr\/TR\/wp-content\/uploads\/2024\/07\/1-4.jpg\" alt=\"\" title=\"1 (4)\"><\/noscript><\/sr7-bg>\n\t\t\t\t\t\t<\/sr7-slide>\n\t\t\t\t\t\t<sr7-slide id=\"SR7_1_1-10\" data-key=\"10\">\n\t\t\t\t\t\t\t<sr7-bg id=\"SR7_1_1-10-5\" class=\"sr7-layer\"><noscript><img decoding=\"async\" src=\"https:\/\/www.onmayis.com.tr\/TR\/wp-content\/uploads\/2024\/07\/2-3.jpg\" alt=\"\" title=\"2 (3)\"><\/noscript><\/sr7-bg>\n\t\t\t\t\t\t<\/sr7-slide>\n\t\t\t\t\t\t<sr7-slide id=\"SR7_1_1-11\" data-key=\"11\">\n\t\t\t\t\t\t\t<sr7-bg id=\"SR7_1_1-11-5\" class=\"sr7-layer\"><noscript><img decoding=\"async\" src=\"https:\/\/www.onmayis.com.tr\/TR\/wp-content\/uploads\/2024\/07\/3-4.jpg\" alt=\"\" title=\"3 (4)\"><\/noscript><\/sr7-bg>\n\t\t\t\t\t\t<\/sr7-slide>\n\t\t\t\t\t\t<sr7-slide id=\"SR7_1_1-12\" data-key=\"12\">\n\t\t\t\t\t\t\t<sr7-bg id=\"SR7_1_1-12-5\" class=\"sr7-layer\"><noscript><img decoding=\"async\" src=\"https:\/\/www.onmayis.com.tr\/TR\/wp-content\/uploads\/2024\/07\/4-2.jpg\" alt=\"\" title=\"4 (2)\"><\/noscript><\/sr7-bg>\n\t\t\t\t\t\t<\/sr7-slide>\n\t\t\t\t\t\t<sr7-slide id=\"SR7_1_1-13\" data-key=\"13\">\n\t\t\t\t\t\t\t<sr7-bg id=\"SR7_1_1-13-5\" class=\"sr7-layer\"><noscript><img decoding=\"async\" src=\"https:\/\/www.onmayis.com.tr\/TR\/wp-content\/uploads\/2024\/07\/5-2.jpg\" alt=\"\" title=\"5 (2)\"><\/noscript><\/sr7-bg>\n\t\t\t\t\t\t<\/sr7-slide>\n\t\t\t\t\t\t<sr7-slide id=\"SR7_1_1-14\" data-key=\"14\">\n\t\t\t\t\t\t\t<sr7-bg id=\"SR7_1_1-14-5\" class=\"sr7-layer\"><noscript><img decoding=\"async\" src=\"https:\/\/www.onmayis.com.tr\/TR\/wp-content\/uploads\/2024\/07\/6-2.jpg\" alt=\"\" title=\"6 (2)\"><\/noscript><\/sr7-bg>\n\t\t\t\t\t\t<\/sr7-slide>\n\t\t\t\t\t\t<sr7-slide id=\"SR7_1_1-15\" data-key=\"15\">\n\t\t\t\t\t\t\t<sr7-bg id=\"SR7_1_1-15-5\" class=\"sr7-layer\"><noscript><img decoding=\"async\" src=\"https:\/\/www.onmayis.com.tr\/TR\/wp-content\/uploads\/2024\/07\/7-2.jpg\" alt=\"\" title=\"7 (2)\"><\/noscript><\/sr7-bg>\n\t\t\t\t\t\t<\/sr7-slide>\n\t\t\t\t\t\t<sr7-slide id=\"SR7_1_1-16\" data-key=\"16\">\n\t\t\t\t\t\t\t<sr7-bg id=\"SR7_1_1-16-5\" class=\"sr7-layer\"><noscript><img decoding=\"async\" src=\"https:\/\/www.onmayis.com.tr\/TR\/wp-content\/uploads\/2024\/07\/2-3.jpg\" alt=\"\" title=\"2 (3)\"><\/noscript><\/sr7-bg>\n\t\t\t\t\t\t<\/sr7-slide>\n\t\t\t\t\t\t<sr7-slide id=\"SR7_1_1-7\" data-key=\"7\">\n\t\t\t\t\t\t<\/sr7-slide>\n\t\t\t\t\t<\/sr7-content>\n\t\t\t\t\t<image_lists style=\"display:none\">\n\t\t\t\t\t\t<img data-src=\"\/\/onmayis.com.tr\/TR\/wp-content\/uploads\/revslider\/slider-1\/slider-1-shadow1.png\" data-libid=\"665\" data-lib=\"medialibrary\" title=\"slider-1-shadow1.png\" width=\"0\" height=\"0\" data-dbsrc=\"Ly9vbm1heWlzLmNvbS50ci9UUi93cC1jb250ZW50L3VwbG9hZHMvcmV2c2xpZGVyL3NsaWRlci0xL3NsaWRlci0xLXNoYWRvdzEucG5n\"\/>\n\t\t\t\t\t\t<img data-src=\"\/\/www.onmayis.com.tr\/TR\/wp-content\/uploads\/2024\/07\/1-4.jpg\" data-libid=\"759\" data-lib=\"medialibrary\" title=\"1 (4)\" width=\"0\" height=\"0\" data-dbsrc=\"Ly93d3cub25tYXlpcy5jb20udHIvVFIvd3AtY29udGVudC91cGxvYWRzLzIwMjQvMDcvMS00LmpwZw==\"\/>\n\t\t\t\t\t\t<img data-src=\"\/\/www.onmayis.com.tr\/TR\/wp-content\/uploads\/2024\/07\/2-3.jpg\" data-libid=\"765\" data-lib=\"medialibrary\" title=\"2 (3)\" width=\"0\" height=\"0\" data-dbsrc=\"Ly93d3cub25tYXlpcy5jb20udHIvVFIvd3AtY29udGVudC91cGxvYWRzLzIwMjQvMDcvMi0zLmpwZw==\"\/>\n\t\t\t\t\t\t<img loading=\"lazy\" data-src=\"\/\/www.onmayis.com.tr\/TR\/wp-content\/uploads\/2024\/07\/3-4.jpg\" data-libid=\"760\" data-lib=\"medialibrary\" title=\"3 (4)\" width=\"0\" height=\"0\" data-dbsrc=\"Ly93d3cub25tYXlpcy5jb20udHIvVFIvd3AtY29udGVudC91cGxvYWRzLzIwMjQvMDcvMy00LmpwZw==\"\/>\n\t\t\t\t\t\t<img loading=\"lazy\" data-src=\"\/\/www.onmayis.com.tr\/TR\/wp-content\/uploads\/2024\/07\/4-2.jpg\" data-libid=\"761\" data-lib=\"medialibrary\" title=\"4 (2)\" width=\"0\" height=\"0\" data-dbsrc=\"Ly93d3cub25tYXlpcy5jb20udHIvVFIvd3AtY29udGVudC91cGxvYWRzLzIwMjQvMDcvNC0yLmpwZw==\"\/>\n\t\t\t\t\t\t<img loading=\"lazy\" data-src=\"\/\/www.onmayis.com.tr\/TR\/wp-content\/uploads\/2024\/07\/5-2.jpg\" data-libid=\"762\" data-lib=\"medialibrary\" title=\"5 (2)\" width=\"0\" height=\"0\" data-dbsrc=\"Ly93d3cub25tYXlpcy5jb20udHIvVFIvd3AtY29udGVudC91cGxvYWRzLzIwMjQvMDcvNS0yLmpwZw==\"\/>\n\t\t\t\t\t\t<img loading=\"lazy\" data-src=\"\/\/www.onmayis.com.tr\/TR\/wp-content\/uploads\/2024\/07\/6-2.jpg\" data-libid=\"763\" data-lib=\"medialibrary\" title=\"6 (2)\" width=\"0\" height=\"0\" data-dbsrc=\"Ly93d3cub25tYXlpcy5jb20udHIvVFIvd3AtY29udGVudC91cGxvYWRzLzIwMjQvMDcvNi0yLmpwZw==\"\/>\n\t\t\t\t\t\t<img loading=\"lazy\" data-src=\"\/\/www.onmayis.com.tr\/TR\/wp-content\/uploads\/2024\/07\/7-2.jpg\" data-libid=\"764\" data-lib=\"medialibrary\" title=\"7 (2)\" width=\"0\" height=\"0\" data-dbsrc=\"Ly93d3cub25tYXlpcy5jb20udHIvVFIvd3AtY29udGVudC91cGxvYWRzLzIwMjQvMDcvNy0yLmpwZw==\"\/>\n\t\t\t\t\t<\/image_lists>\n\t\t\t\t<\/sr7-module>\n\t\t\t\t<script>\n\t\t\t\t\tSR7.PMH ??={}; SR7.PMH[\"SR7_1_1\"] = {cn:0,state:false,fn: function() { if (_tpt!==undefined && _tpt.prepareModuleHeight !== undefined) {  _tpt.prepareModuleHeight({id:\"SR7_1_1\",el:[884,884,550,460,350],type:'standard',shdw:'0',gh:[884,884,550,460,350],gw:[1170,1170,1024,778,480],vpt:['-200px&#039;,&#039;-200px&#039;,&#039;-200px&#039;,&#039;-200px&#039;,&#039;-200px'],size:{fullWidth:false, fullHeight:false},mh:'0',onh:0,onw:0,bg:{color:'{\"orig\":\"transparent\",\"type\":\"solid\",\"string\":\"transparent\"}'},plType:'0',plColor:'#FFFFFF'});   SR7.PMH[\"SR7_1_1\"].state=true;} else if((SR7.PMH[\"SR7_1_1\"].cn++)<100)\tsetTimeout( SR7.PMH[\"SR7_1_1\"].fn,19);}};SR7.PMH[\"SR7_1_1\" ].fn();\n\t\t\t\t<\/script>\n<\/div>\t\t<\/div>\n\t\t\t\t<\/div>\n\t\t\t\t\t<\/div>\n\t\t<\/div>\n\t\t\t\t\t<\/div>\n\t\t<\/section>\n\t\t\t\t<section class=\"elementor-section elementor-top-section elementor-element elementor-element-a8eae75 elementor-section-boxed elementor-section-height-default elementor-section-height-default\" data-id=\"a8eae75\" data-element_type=\"section\" data-settings=\"{&quot;background_background&quot;:&quot;classic&quot;,&quot;shape_divider_bottom&quot;:&quot;opacity-fan&quot;}\">\n\t\t\t\t\t<div class=\"elementor-shape elementor-shape-bottom\" data-negative=\"false\">\n\t\t\t<svg xmlns=\"http:\/\/www.w3.org\/2000\/svg\" viewBox=\"0 0 283.5 19.6\" preserveAspectRatio=\"none\">\n\t<path class=\"elementor-shape-fill\" style=\"opacity:0.33\" d=\"M0 0L0 18.8 141.8 4.1 283.5 18.8 283.5 0z\"\/>\n\t<path class=\"elementor-shape-fill\" style=\"opacity:0.33\" d=\"M0 0L0 12.6 141.8 4 283.5 12.6 283.5 0z\"\/>\n\t<path class=\"elementor-shape-fill\" style=\"opacity:0.33\" d=\"M0 0L0 6.4 141.8 4 283.5 6.4 283.5 0z\"\/>\n\t<path class=\"elementor-shape-fill\" d=\"M0 0L0 1.2 141.8 4 283.5 1.2 283.5 0z\"\/>\n<\/svg>\t\t<\/div>\n\t\t\t\t\t<div class=\"elementor-container elementor-column-gap-no\">\n\t\t\t\t\t<div class=\"elementor-column elementor-col-100 elementor-top-column elementor-element elementor-element-369b883\" data-id=\"369b883\" data-element_type=\"column\" data-settings=\"{&quot;background_background&quot;:&quot;classic&quot;}\">\n\t\t\t<div class=\"elementor-widget-wrap elementor-element-populated\">\n\t\t\t\t\t\t<section class=\"elementor-section elementor-inner-section elementor-element elementor-element-1c85c51 elementor-section-boxed elementor-section-height-default elementor-section-height-default\" data-id=\"1c85c51\" data-element_type=\"section\" data-settings=\"{&quot;background_background&quot;:&quot;classic&quot;}\">\n\t\t\t\t\t\t<div class=\"elementor-container elementor-column-gap-default\">\n\t\t\t\t\t<div class=\"elementor-column elementor-col-100 elementor-inner-column elementor-element elementor-element-cd79729\" data-id=\"cd79729\" data-element_type=\"column\">\n\t\t\t<div class=\"elementor-widget-wrap elementor-element-populated\">\n\t\t\t\t\t\t<div class=\"elementor-element elementor-element-7075383 elementor-widget elementor-widget-text-editor\" data-id=\"7075383\" data-element_type=\"widget\" data-widget_type=\"text-editor.default\">\n\t\t\t\t<div class=\"elementor-widget-container\">\n\t\t\t\t\t\t\t<div class=\"sec-title text-center\"><h2 class=\"text\">T.C. M.E.B. On May\u0131s K\u0131z \u00d6\u011frenci Yurdu Bah\u00e7elievler \u015eubesinde; odalar modern otel mimarisi \u00e7izgilerinde tasarlanm\u0131\u015f ve dekore edilmi\u015ftir.<\/h2><\/div><div class=\"row clearfix\"><div class=\"default-service-column col-md-4 col-sm-6 col-xs-12\"><div class=\"inner-box wow fadeInUp animated\" data-wow-delay=\"0ms\" data-wow-duration=\"1500ms\"><div class=\"inner-most\">\u00a0<\/div><\/div><\/div><\/div>\t\t\t\t\t\t<\/div>\n\t\t\t\t<\/div>\n\t\t\t\t<div class=\"elementor-element elementor-element-5953abe elementor-widget elementor-widget-gva-services\" data-id=\"5953abe\" data-element_type=\"widget\" data-widget_type=\"gva-services.default\">\n\t\t\t\t<div class=\"elementor-widget-container\">\n\t\t\t<div class=\"gva-element-gva-services gva-element\">\r\n<div class=\"gsc-services layout-grid\">\r\n   <div class=\"lg-block-grid-2 md-block-grid-2 sm-block-grid-2 xs-block-grid-1 xx-block-grid-1\">\r\n      <div class=\"item-columns\">\r\n\t\r\n\r\n\r\n\r\n<div class=\"service-four__single\"><div class=\"service-four__image\"><img decoding=\"async\" src=\"https:\/\/www.onmayis.com.tr\/TR\/wp-content\/uploads\/2024\/07\/featured-image-3-1.jpg\" alt=\"FOTO\u011eRAF GALER\u0130S\u0130\"\/><\/div><div class=\"service-four__content\"><div class=\"service-four__content-inner\"><h4 class=\"service-four__title\"><span>FOTO\u011eRAF GALER\u0130S\u0130<\/span><\/h4><div class=\"service-four__desc\">Ankara K\u0131z Yurdumuz i\u00e7 ve d\u0131\u015f mekan detayl\u0131 foto\u011fraf alb\u00fcm\u00fc.\n<\/div><div class=\"service-three__button\">\t\t  <a href=\"https:\/\/www.onmayis.com.tr\/TR\/index.php\/fotograf-galerisi\/\" class=\"btn-inline\" aria-label=\"link\">\r\n\t\t\t Detayl\u0131 Bilgi\t\t  <\/a>\r\n\t\t  <\/div><\/div><\/div>\t\t  <a href=\"https:\/\/www.onmayis.com.tr\/TR\/index.php\/fotograf-galerisi\/\" class=\"service-four__overlay-link\" aria-label=\"link\"><\/a>\r\n\t\t  <\/div><\/div><div class=\"item-columns\">\r\n\t\r\n\r\n\r\n\r\n<div class=\"service-four__single\"><div class=\"service-four__image\"><img decoding=\"async\" src=\"https:\/\/www.onmayis.com.tr\/TR\/wp-content\/uploads\/2024\/07\/featured-image-1-1.jpg\" alt=\"KIZ \u00d6\u011eRENC\u0130 YURDU TANDO\u011eAN \u015eUBES\u0130\"\/><\/div><div class=\"service-four__content\"><div class=\"service-four__content-inner\"><h4 class=\"service-four__title\"><span>KIZ \u00d6\u011eRENC\u0130 YURDU TANDO\u011eAN \u015eUBES\u0130<\/span><\/h4><div class=\"service-four__desc\">Tando\u011fan K\u0131z \u00d6\u011frenci Yurdu \u015eubesi Huzurlu bir ya\u015fam<\/div><div class=\"service-three__button\">\t\t  <a href=\"https:\/\/www.onmayiskizogrenciyurdu.com\/\" class=\"btn-inline\" aria-label=\"link\">\r\n\t\t\t Detayl\u0131 Bilgi\t\t  <\/a>\r\n\t\t  <\/div><\/div><\/div>\t\t  <a href=\"https:\/\/www.onmayiskizogrenciyurdu.com\/\" class=\"service-four__overlay-link\" aria-label=\"link\"><\/a>\r\n\t\t  <\/div><\/div>   <\/div>\r\n<\/div>\r\n<\/div>\t\t<\/div>\n\t\t\t\t<\/div>\n\t\t\t\t\t<\/div>\n\t\t<\/div>\n\t\t\t\t\t<\/div>\n\t\t<\/section>\n\t\t\t\t<div class=\"elementor-element elementor-element-1b7455a elementor-widget elementor-widget-html\" data-id=\"1b7455a\" data-element_type=\"widget\" data-widget_type=\"html.default\">\n\t\t\t\t<div class=\"elementor-widget-container\">\n\t\t\t<div class=\"business-heading__one\"> <span>2025 - 2026 Okul Sezonu Kay\u0131t S\u00fcrecimiz Devam Etmektedir<\/span><\/div>\t\t<\/div>\n\t\t\t\t<\/div>\n\t\t\t\t\t<\/div>\n\t\t<\/div>\n\t\t\t\t\t<\/div>\n\t\t<\/section>\n\t\t\t\t<\/div>\n\t\t","protected":false},"excerpt":{"rendered":"<p>T.C. M.E.B. On May\u0131s K\u0131z \u00d6\u011frenci Yurdu Bah\u00e7elievler \u015eubesinde; odalar modern otel mimarisi \u00e7izgilerinde tasarlanm\u0131\u015f ve dekore edilmi\u015ftir. \u00a0 FOTO\u011eRAF GALER\u0130S\u0130 Ankara K\u0131z Yurdumuz i\u00e7 ve d\u0131\u015f mekan detayl\u0131 foto\u011fraf alb\u00fcm\u00fc. Detayl\u0131 Bilgi KIZ \u00d6\u011eRENC\u0130 YURDU TANDO\u011eAN \u015eUBES\u0130 Tando\u011fan K\u0131z \u00d6\u011frenci Yurdu \u015eubesi Huzurlu bir ya\u015fam Detayl\u0131 Bilgi 2025 &#8211; 2026 Okul Sezonu Kay\u0131t S\u00fcrecimiz [&hellip;]<\/p>\n","protected":false},"author":1,"featured_media":0,"parent":0,"menu_order":0,"comment_status":"closed","ping_status":"closed","template":"","meta":{"footnotes":""},"class_list":["post-616","page","type-page","status-publish","hentry"],"_links":{"self":[{"href":"https:\/\/www.onmayis.com.tr\/TR\/index.php\/wp-json\/wp\/v2\/pages\/616","targetHints":{"allow":["GET"]}}],"collection":[{"href":"https:\/\/www.onmayis.com.tr\/TR\/index.php\/wp-json\/wp\/v2\/pages"}],"about":[{"href":"https:\/\/www.onmayis.com.tr\/TR\/index.php\/wp-json\/wp\/v2\/types\/page"}],"author":[{"embeddable":true,"href":"https:\/\/www.onmayis.com.tr\/TR\/index.php\/wp-json\/wp\/v2\/users\/1"}],"replies":[{"embeddable":true,"href":"https:\/\/www.onmayis.com.tr\/TR\/index.php\/wp-json\/wp\/v2\/comments?post=616"}],"version-history":[{"count":55,"href":"https:\/\/www.onmayis.com.tr\/TR\/index.php\/wp-json\/wp\/v2\/pages\/616\/revisions"}],"predecessor-version":[{"id":1035,"href":"https:\/\/www.onmayis.com.tr\/TR\/index.php\/wp-json\/wp\/v2\/pages\/616\/revisions\/1035"}],"wp:attachment":[{"href":"https:\/\/www.onmayis.com.tr\/TR\/index.php\/wp-json\/wp\/v2\/media?parent=616"}],"curies":[{"name":"wp","href":"https:\/\/api.w.org\/{rel}","templated":true}]}}